{"id":676,"date":"2021-11-29T10:22:02","date_gmt":"2021-11-29T10:22:02","guid":{"rendered":"http:\/\/familie-neukirch.com\/?page_id=676"},"modified":"2022-06-17T20:42:12","modified_gmt":"2022-06-17T20:42:12","slug":"prowin-beratung","status":"publish","type":"page","link":"http:\/\/familie-neukirch.com\/?page_id=676","title":{"rendered":"Prowin Beratung"},"content":{"rendered":"\t\t<div data-elementor-type=\"wp-page\" data-elementor-id=\"676\" class=\"elementor elementor-676\">\n\t\t\t\t\t\t<section class=\"elementor-section elementor-top-section elementor-element elementor-element-86137f5 elementor-section-boxed elementor-section-height-default elementor-section-height-default\" data-id=\"86137f5\" data-element_type=\"section\">\n\t\t\t\t\t\t<div class=\"elementor-container elementor-column-gap-default\">\n\t\t\t\t\t<div class=\"elementor-column elementor-col-100 elementor-top-column elementor-element elementor-element-be6cb83\" data-id=\"be6cb83\" data-element_type=\"column\">\n\t\t\t<div class=\"elementor-widget-wrap elementor-element-populated\">\n\t\t\t\t\t\t<div class=\"elementor-element elementor-element-2c34957 elementor-widget elementor-widget-heading\" data-id=\"2c34957\" data-element_type=\"widget\" data-widget_type=\"heading.default\">\n\t\t\t\t<div class=\"elementor-widget-container\">\n\t\t\t<h2 class=\"elementor-heading-title elementor-size-default\">Prowin Beratung in Konz<\/h2>\t\t<\/div>\n\t\t\t\t<\/div>\n\t\t\t\t<div class=\"elementor-element elementor-element-3dcd5cc elementor-widget elementor-widget-image\" data-id=\"3dcd5cc\" data-element_type=\"widget\" data-widget_type=\"image.default\">\n\t\t\t\t<div class=\"elementor-widget-container\">\n\t\t\t\t\t\t\t\t\t\t\t\t\t<img decoding=\"async\" width=\"401\" height=\"103\" src=\"http:\/\/familie-neukirch.com\/wp-content\/uploads\/2021\/11\/logo-prowin-international-rgb.jpg\" class=\"attachment-medium_large size-medium_large wp-image-702\" alt=\"\" srcset=\"http:\/\/familie-neukirch.com\/wp-content\/uploads\/2021\/11\/logo-prowin-international-rgb.jpg 401w, http:\/\/familie-neukirch.com\/wp-content\/uploads\/2021\/11\/logo-prowin-international-rgb-300x77.jpg 300w, http:\/\/familie-neukirch.com\/wp-content\/uploads\/2021\/11\/logo-prowin-international-rgb-1x1.jpg 1w\" sizes=\"(max-width: 401px) 100vw, 401px\" \/>\t\t\t\t\t\t\t\t\t\t\t\t\t<\/div>\n\t\t\t\t<\/div>\n\t\t\t\t<div class=\"elementor-element elementor-element-fc0656f elementor-widget elementor-widget-text-editor\" data-id=\"fc0656f\" data-element_type=\"widget\" data-widget_type=\"text-editor.default\">\n\t\t\t\t<div class=\"elementor-widget-container\">\n\t\t\t\t\t\t\t<p>Ein gro\u00dfes Hallo aus Konz <b>#prowinkonz<\/b><\/p><p>\u00a0<\/p><p>Wir hei\u00dfen Katrin und Sebastian und sind Eltern von zwei Kindern (6&amp;10).<\/p><p>Wir sind beide Berufst\u00e4tig als Krankenschwester und Senior Eink\u00e4ufer.\u00a0<\/p><p>Was wir toll finden an proWIN?<\/p><p>1. <strong>Die Echtheit! Nirgends findet man so tolle &#8222;Echte&#8220; Produkte und Informationen von Menschen f\u00fcr Menschen, ohne k\u00fcnstliche Bearbeitung der Bilder und Videos!<\/strong><\/p><p>2. <strong>Die Produkte halten was sie Versprechen.<\/strong><\/p><p>3. <strong>Man wird es nicht glauben aber man &#8222;spart&#8220; Geld!<\/strong><\/p><p>4. <strong>Umweltschutz geht uns alle etwas an und wird sehr gro\u00df geschrieben bei proWIN!<\/strong><\/p><p>\u00a0<\/p><p>Immer noch nicht \u00dcberzeugt? Dann melden Sie sich bei uns und wir \u00fcberzeugen Sie!<\/p><p>Wir stellen Ihnen gerne unsere Produkte aus den Bereichen Symbiontische Reinigung, natural wellness und best friends in einer Einzelberatung vor oder Sie laden Freunde, Verwandte, Nachbarn und Bekannte zu Ihnen nach Hause ein.<\/p><p>Digital ist Ihnen lieber?<\/p><p>Kein Problem \u2013 dann werden wir gemeinsam mit Ihren G\u00e4sten auch bei einer Online-Party ordentlich Spa\u00df haben.<\/p><p>Die Produkte werden in netter Runde vorgef\u00fchrt und d\u00fcrfen selbstverst\u00e4ndlich auch getestet werden.<\/p><p>Unsere aktuellen Angebote finden Sie \u00fcbrigens auch jederzeit auf:<\/p><p>www.prowin.net oder schreiben und einfach an und wir senden Ihnen alles zu.<\/p><p>Wir werden Ihre Bestellung dann pers\u00f6nlich an Sie ausliefern &#8211; oder, nach Absprache, k\u00f6nnen wir Ihnen das Paket auch gerne zuschicken.<\/p><p>Wenn Sie Fragen, W\u00fcnsche oder Anregungen haben, z\u00f6gern Sie nicht und kontaktieren Sie uns gerne.<\/p><p>Ihr findet uns auch auf:<br \/>Facebook: <a href=\"https:\/\/www.facebook.com\/prowinneukirch\/\">https:\/\/www.facebook.com\/prowinneukirch\/<\/a><br \/>Instagram: <a href=\"https:\/\/www.instagram.com\/prowinberatersebastian\/\">https:\/\/www.instagram.com\/prowinberatersebastian\/<\/a><\/p><p>\u00a0<\/p><p>Wir freuen uns auf Sie.<\/p><p>Ihr proWIN Berater Katrin &amp; Sebastian Neukirch<\/p><p>\u00a0<\/p><h3><strong>#prowinkonz<\/strong><\/h3>\t\t\t\t\t\t<\/div>\n\t\t\t\t<\/div>\n\t\t\t\t\t<\/div>\n\t\t<\/div>\n\t\t\t\t\t<\/div>\n\t\t<\/section>\n\t\t\t\t<section class=\"elementor-section elementor-top-section elementor-element elementor-element-9003799 elementor-section-boxed elementor-section-height-default elementor-section-height-default\" data-id=\"9003799\" data-element_type=\"section\">\n\t\t\t\t\t\t<div class=\"elementor-container elementor-column-gap-default\">\n\t\t\t\t\t<div class=\"elementor-column elementor-col-100 elementor-top-column elementor-element elementor-element-eb6a459\" data-id=\"eb6a459\" data-element_type=\"column\">\n\t\t\t<div class=\"elementor-widget-wrap elementor-element-populated\">\n\t\t\t\t\t\t<section class=\"elementor-section elementor-inner-section elementor-element elementor-element-d2a3f86 elementor-section-full_width elementor-section-height-default elementor-section-height-default\" data-id=\"d2a3f86\" data-element_type=\"section\">\n\t\t\t\t\t\t<div class=\"elementor-container elementor-column-gap-default\">\n\t\t\t\t\t<div class=\"elementor-column elementor-col-50 elementor-inner-column elementor-element elementor-element-8e618b5\" data-id=\"8e618b5\" data-element_type=\"column\">\n\t\t\t<div class=\"elementor-widget-wrap elementor-element-populated\">\n\t\t\t\t\t\t<div class=\"elementor-element elementor-element-66ee480 elementor-widget elementor-widget-image\" data-id=\"66ee480\" data-element_type=\"widget\" data-widget_type=\"image.default\">\n\t\t\t\t<div class=\"elementor-widget-container\">\n\t\t\t\t\t\t\t\t\t\t\t\t\t<img decoding=\"async\" width=\"402\" height=\"97\" src=\"http:\/\/familie-neukirch.com\/wp-content\/uploads\/2021\/11\/logo-prowin-natural-wellness-rgb.jpg\" class=\"attachment-full size-full wp-image-703\" alt=\"\" srcset=\"http:\/\/familie-neukirch.com\/wp-content\/uploads\/2021\/11\/logo-prowin-natural-wellness-rgb.jpg 402w, http:\/\/familie-neukirch.com\/wp-content\/uploads\/2021\/11\/logo-prowin-natural-wellness-rgb-300x72.jpg 300w, http:\/\/familie-neukirch.com\/wp-content\/uploads\/2021\/11\/logo-prowin-natural-wellness-rgb-1x1.jpg 1w\" sizes=\"(max-width: 402px) 100vw, 402px\" \/>\t\t\t\t\t\t\t\t\t\t\t\t\t<\/div>\n\t\t\t\t<\/div>\n\t\t\t\t\t<\/div>\n\t\t<\/div>\n\t\t\t\t<div class=\"elementor-column elementor-col-50 elementor-inner-column elementor-element elementor-element-a1b1d9e\" data-id=\"a1b1d9e\" data-element_type=\"column\">\n\t\t\t<div class=\"elementor-widget-wrap elementor-element-populated\">\n\t\t\t\t\t\t<div class=\"elementor-element elementor-element-dfcbcd8 elementor-widget elementor-widget-image\" data-id=\"dfcbcd8\" data-element_type=\"widget\" data-widget_type=\"image.default\">\n\t\t\t\t<div class=\"elementor-widget-container\">\n\t\t\t\t\t\t\t\t\t\t\t\t\t<img fetchpriority=\"high\" decoding=\"async\" width=\"417\" height=\"125\" src=\"http:\/\/familie-neukirch.com\/wp-content\/uploads\/2021\/11\/logo-prowin-best-friends-rgb-e1638190964722.jpg\" class=\"attachment-full size-full wp-image-704\" alt=\"\" srcset=\"http:\/\/familie-neukirch.com\/wp-content\/uploads\/2021\/11\/logo-prowin-best-friends-rgb-e1638190964722.jpg 417w, http:\/\/familie-neukirch.com\/wp-content\/uploads\/2021\/11\/logo-prowin-best-friends-rgb-e1638190964722-300x90.jpg 300w, http:\/\/familie-neukirch.com\/wp-content\/uploads\/2021\/11\/logo-prowin-best-friends-rgb-e1638190964722-1x1.jpg 1w\" sizes=\"(max-width: 417px) 100vw, 417px\" \/>\t\t\t\t\t\t\t\t\t\t\t\t\t<\/div>\n\t\t\t\t<\/div>\n\t\t\t\t\t<\/div>\n\t\t<\/div>\n\t\t\t\t\t<\/div>\n\t\t<\/section>\n\t\t\t\t\t<\/div>\n\t\t<\/div>\n\t\t\t\t\t<\/div>\n\t\t<\/section>\n\t\t\t\t<section class=\"elementor-section elementor-top-section elementor-element elementor-element-aea73f5 elementor-section-boxed elementor-section-height-default elementor-section-height-default\" data-id=\"aea73f5\" data-element_type=\"section\">\n\t\t\t\t\t\t<div class=\"elementor-container elementor-column-gap-default\">\n\t\t\t\t\t<div class=\"elementor-column elementor-col-100 elementor-top-column elementor-element elementor-element-72a78f5\" data-id=\"72a78f5\" data-element_type=\"column\">\n\t\t\t<div class=\"elementor-widget-wrap\">\n\t\t\t\t\t\t\t<\/div>\n\t\t<\/div>\n\t\t\t\t\t<\/div>\n\t\t<\/section>\n\t\t\t\t<\/div>\n\t\t","protected":false},"excerpt":{"rendered":"<p>Prowin Beratung in Konz Ein gro\u00dfes Hallo aus Konz #prowinkonz \u00a0 Wir hei\u00dfen Katrin und Sebastian und sind Eltern von zwei Kindern (6&amp;10). Wir sind beide Berufst\u00e4tig als Krankenschwester und Senior Eink\u00e4ufer.\u00a0 Was wir toll finden an proWIN? 1. Die Echtheit! Nirgends findet man so tolle &#8222;Echte&#8220; Produkte und Informationen von Menschen f\u00fcr Menschen, ohne&hellip; <br \/> <a class=\"read-more\" href=\"http:\/\/familie-neukirch.com\/?page_id=676\">Weiterlesen<\/a><\/p>\n","protected":false},"author":1,"featured_media":702,"parent":0,"menu_order":0,"comment_status":"closed","ping_status":"closed","template":"elementor_header_footer","meta":{"footnotes":""},"class_list":["post-676","page","type-page","status-publish","has-post-thumbnail","hentry"],"_links":{"self":[{"href":"http:\/\/familie-neukirch.com\/index.php?rest_route=\/wp\/v2\/pages\/676"}],"collection":[{"href":"http:\/\/familie-neukirch.com\/index.php?rest_route=\/wp\/v2\/pages"}],"about":[{"href":"http:\/\/familie-neukirch.com\/index.php?rest_route=\/wp\/v2\/types\/page"}],"author":[{"embeddable":true,"href":"http:\/\/familie-neukirch.com\/index.php?rest_route=\/wp\/v2\/users\/1"}],"replies":[{"embeddable":true,"href":"http:\/\/familie-neukirch.com\/index.php?rest_route=%2Fwp%2Fv2%2Fcomments&post=676"}],"version-history":[{"count":26,"href":"http:\/\/familie-neukirch.com\/index.php?rest_route=\/wp\/v2\/pages\/676\/revisions"}],"predecessor-version":[{"id":763,"href":"http:\/\/familie-neukirch.com\/index.php?rest_route=\/wp\/v2\/pages\/676\/revisions\/763"}],"wp:featuredmedia":[{"embeddable":true,"href":"http:\/\/familie-neukirch.com\/index.php?rest_route=\/wp\/v2\/media\/702"}],"wp:attachment":[{"href":"http:\/\/familie-neukirch.com\/index.php?rest_route=%2Fwp%2Fv2%2Fmedia&parent=676"}],"curies":[{"name":"wp","href":"https:\/\/api.w.org\/{rel}","templated":true}]}}