{"id":718,"date":"2022-06-08T12:29:51","date_gmt":"2022-06-08T12:29:51","guid":{"rendered":"http:\/\/familie-neukirch.com\/?page_id=718"},"modified":"2023-10-09T14:14:01","modified_gmt":"2023-10-09T14:14:01","slug":"mesmerize","status":"publish","type":"page","link":"http:\/\/familie-neukirch.com\/","title":{"rendered":"Front Page"},"content":{"rendered":"<div  data-label=\"About\" data-id=\"about--1\" data-export-id=\"about-9\" data-category=\"about\" class=\"about-9 content-section content-section-spacing\" id=\"about-2\" style=\"background-color: rgb(245, 250, 253);\"><div  class=\"gridContainer\"> <div  class=\"row middle-sm text-center\"><div  class=\"col-sm-5 space-bottom-xs content-column content-right-sm\" data-type=\"column\"> <h5  class=\"\">Das sind wir<\/h5> <h2  class=\"\">Wir starten in den Tag<br > <span  style=\"font-family: Playfair Display,sans-serif; font-weight: 700; font-style: italic;\" href=\"#\">zusammen &amp; voller Engerie<\/span>&nbsp;bew\u00e4ltigen wir alle Aufgaben!<\/h2> <p  class=\"\">Denkt nicht an das negative in der Welt sondern seht den t\u00e4glichen Aufgaben positiv entgegen, denn nur wer psotitiv denkt kommt an die Ziele die er sich w\u00fcnscht!<\/p> <a  class=\"button color1\" href=\"#\">GET STARTED NOW<\/a><\/div> <div  class=\"col-sm-7 flexbox flexbox middle-xs center-xs space-bottom-xs\"><div  class=\"overlay-box flexbox middle-xs center-xs overlay-holder \"> <div  class=\"overlay-box-offset offset-background shadow-medium bg-color2 hide-xs\"><\/div> <img  decoding=\"async\" class=\"flexbox shadow-large img1\" src=\"http:\/\/familie-neukirch.com\/wp-content\/uploads\/2022\/06\/cropped-cropped-prowin1.jpg\" data-size=\"600x400\" title=\"cropped-cropped-prowin1.jpg\" alt=\"\"><\/div> <\/div><\/div> <\/div><\/div><div  id=\"team-1\" style=\"background-color: #ffffff;\" data-label=\"Team\" data-id=\"team-5-mc\" data-export-id=\"team-5-mc\" data-bullets-visibility=\"true\" data-category=\"team\" class=\"team-5-mc content-section content-section-spacing\"><div  class=\"gridContainer\"> <div  class=\"row text-center\"><div  class=\"section-title-col\" data-type=\"column\"> <h5  class=\"\">Wir&nbsp;<\/h5> <h2  class=\"\">Unsere Familie<\/h2> <p  class=\"lead\">Als Familie halten wir zusammen und geben uns gegenseitig Mut &amp; Kraft! Unser Motto: Wir verlieren nicht! Entweder wir Gewinnen oder wir lernen!<\/p><\/div> <\/div> <div  class=\"row spaced-cols content-center-sm\" data-type=\"row\"> <div  class=\"col-xs-12 col-sm-6 col-md-3 col-padding\"> <div  class=\"row \"> <div  data-type=\"column\" class=\"col-xs-12 col-sm-12\"> <img  decoding=\"async\" class=\"round face\" src=\"http:\/\/familie-neukirch.com\/wp-content\/uploads\/2022\/06\/cropped-Sebastian.jpg\" title=\"cropped-Sebastian.jpg\" alt=\"\"> <h4  class=\"font-500\">Sebastian Neukirch<\/h4> <p  class=\"italic\">Papa<\/p> <p  class=\"\">Der Papa \u2013 Familenevater \u2013 Fotograf \u2013 Prowin Berater<\/p> <div  class=\"social-icons-group\" data-type=\"group\"> <a  href=\"#\"><svg  class=\"svg-inline--fa fa-facebook-square gray icon small\" aria-hidden=\"true\" focusable=\"false\" data-prefix=\"fab\" data-icon=\"facebook-square\" role=\"img\" xmlns=\"http:\/\/www.w3.org\/2000\/svg\" viewBox=\"0 0 448 512\" data-fa-i2svg=\"\"><\/svg><!-- <i                  class=\"gray fa icon fa-facebook-square small \"><\/i> Font Awesome fontawesome.com --><\/a> <a  href=\"#\"><svg  class=\"svg-inline--fa fa-twitter-square gray icon small\" aria-hidden=\"true\" focusable=\"false\" data-prefix=\"fab\" data-icon=\"twitter-square\" role=\"img\" xmlns=\"http:\/\/www.w3.org\/2000\/svg\" viewBox=\"0 0 448 512\" data-fa-i2svg=\"\"><\/svg><!-- <i                  class=\"gray fa icon fa-twitter-square small \"><\/i> Font Awesome fontawesome.com --><\/a> <a  href=\"#\"><svg  class=\"svg-inline--fa fa-linkedin gray icon small\" aria-hidden=\"true\" focusable=\"false\" data-prefix=\"fab\" data-icon=\"linkedin\" role=\"img\" xmlns=\"http:\/\/www.w3.org\/2000\/svg\" viewBox=\"0 0 448 512\" data-fa-i2svg=\"\"><\/svg><!-- <i                  class=\"gray fa icon fa-linkedin-square small \"><\/i> Font Awesome fontawesome.com --><\/a> <a  href=\"#\"><svg  class=\"svg-inline--fa fa-google-plus-square gray icon small\" aria-hidden=\"true\" focusable=\"false\" data-prefix=\"fab\" data-icon=\"google-plus-square\" role=\"img\" xmlns=\"http:\/\/www.w3.org\/2000\/svg\" viewBox=\"0 0 448 512\" data-fa-i2svg=\"\"><\/svg><!-- <i                  class=\"gray fa icon fa-google-plus-square small \"><\/i> Font Awesome fontawesome.com --><\/a><\/div> <\/div><\/div> <\/div> <div  class=\"col-xs-12 col-sm-6 col-md-3 col-padding\"> <div  class=\"row \"> <div  data-type=\"column\" class=\"col-xs-12 col-sm-12\"> <img  decoding=\"async\" class=\"round face\" src=\"http:\/\/familie-neukirch.com\/wp-content\/uploads\/2022\/06\/cropped-katrin.jpg\" title=\"cropped-katrin.jpg\" alt=\"\"> <h4  class=\"font-500\">Katrin Neukirch&nbsp;<\/h4> <p  class=\"italic\">Mama<\/p> <p  class=\"\">Die Mama \u2013 Familenemutter \u2013 Fotografin \u2013 ProwinBerater<\/p> <div  class=\"social-icons-group\" data-type=\"group\"> <a  href=\"#\"><svg  class=\"svg-inline--fa fa-facebook-square gray icon small\" aria-hidden=\"true\" focusable=\"false\" data-prefix=\"fab\" data-icon=\"facebook-square\" role=\"img\" xmlns=\"http:\/\/www.w3.org\/2000\/svg\" viewBox=\"0 0 448 512\" data-fa-i2svg=\"\"><\/svg><!-- <i                  class=\"gray fa icon fa-facebook-square small \"><\/i> Font Awesome fontawesome.com --><\/a> <a  href=\"#\"><svg  class=\"svg-inline--fa fa-twitter-square gray icon small\" aria-hidden=\"true\" focusable=\"false\" data-prefix=\"fab\" data-icon=\"twitter-square\" role=\"img\" xmlns=\"http:\/\/www.w3.org\/2000\/svg\" viewBox=\"0 0 448 512\" data-fa-i2svg=\"\"><\/svg><!-- <i                  class=\"gray fa icon fa-twitter-square small \"><\/i> Font Awesome fontawesome.com --><\/a> <a  href=\"#\"><svg  class=\"svg-inline--fa fa-linkedin gray icon small\" aria-hidden=\"true\" focusable=\"false\" data-prefix=\"fab\" data-icon=\"linkedin\" role=\"img\" xmlns=\"http:\/\/www.w3.org\/2000\/svg\" viewBox=\"0 0 448 512\" data-fa-i2svg=\"\"><\/svg><!-- <i                  class=\"gray fa icon fa-linkedin-square small \"><\/i> Font Awesome fontawesome.com --><\/a> <a  href=\"#\"><svg  class=\"svg-inline--fa fa-google-plus-square gray icon small\" aria-hidden=\"true\" focusable=\"false\" data-prefix=\"fab\" data-icon=\"google-plus-square\" role=\"img\" xmlns=\"http:\/\/www.w3.org\/2000\/svg\" viewBox=\"0 0 448 512\" data-fa-i2svg=\"\"><\/svg><!-- <i                  class=\"gray fa icon fa-google-plus-square small \"><\/i> Font Awesome fontawesome.com --><\/a><\/div> <\/div><\/div> <\/div> <div  class=\"col-xs-12 col-sm-6 col-md-3 col-padding\"> <div  class=\"row \"> <div  data-type=\"column\" class=\"col-xs-12 col-sm-12\"> <img  decoding=\"async\" class=\"round face\" src=\"http:\/\/familie-neukirch.com\/wp-content\/uploads\/2022\/06\/cropped-Mia.jpg\" title=\"cropped-Mia.jpg\" alt=\"\"> <h4  class=\"font-500\">Mia Neukirch<\/h4> <p  class=\"italic\">Tochter&nbsp;<\/p> <p  class=\"\">Unser gro\u00dfe&nbsp;<\/p> <div  class=\"social-icons-group\" data-type=\"group\"> <a  href=\"#\"><svg  class=\"svg-inline--fa fa-facebook-square gray icon small\" aria-hidden=\"true\" focusable=\"false\" data-prefix=\"fab\" data-icon=\"facebook-square\" role=\"img\" xmlns=\"http:\/\/www.w3.org\/2000\/svg\" viewBox=\"0 0 448 512\" data-fa-i2svg=\"\"><\/svg><!-- <i                  class=\"gray fa icon fa-facebook-square small \"><\/i> Font Awesome fontawesome.com --><\/a> <a  href=\"#\"><svg  class=\"svg-inline--fa fa-twitter-square gray icon small\" aria-hidden=\"true\" focusable=\"false\" data-prefix=\"fab\" data-icon=\"twitter-square\" role=\"img\" xmlns=\"http:\/\/www.w3.org\/2000\/svg\" viewBox=\"0 0 448 512\" data-fa-i2svg=\"\"><\/svg><!-- <i                  class=\"gray fa icon fa-twitter-square small \"><\/i> Font Awesome fontawesome.com --><\/a> <a  href=\"#\"><svg  class=\"svg-inline--fa fa-linkedin gray icon small\" aria-hidden=\"true\" focusable=\"false\" data-prefix=\"fab\" data-icon=\"linkedin\" role=\"img\" xmlns=\"http:\/\/www.w3.org\/2000\/svg\" viewBox=\"0 0 448 512\" data-fa-i2svg=\"\"><\/svg><!-- <i                  class=\"gray fa icon fa-linkedin-square small \"><\/i> Font Awesome fontawesome.com --><\/a> <a  href=\"#\"><svg  class=\"svg-inline--fa fa-google-plus-square gray icon small\" aria-hidden=\"true\" focusable=\"false\" data-prefix=\"fab\" data-icon=\"google-plus-square\" role=\"img\" xmlns=\"http:\/\/www.w3.org\/2000\/svg\" viewBox=\"0 0 448 512\" data-fa-i2svg=\"\"><\/svg><!-- <i                  class=\"gray fa icon fa-google-plus-square small \"><\/i> Font Awesome fontawesome.com --><\/a><\/div> <\/div><\/div> <\/div> <div  class=\"col-xs-12 col-sm-6 col-md-3 col-padding\"> <div  class=\"row \"> <div  data-type=\"column\" class=\"col-xs-12 col-sm-12\"> <img  decoding=\"async\" class=\"round face\" src=\"http:\/\/familie-neukirch.com\/wp-content\/uploads\/2022\/06\/cropped-cropped-Milan.jpg\" title=\"cropped-cropped-Milan.jpg\" alt=\"\"> <h4  class=\"font-500\">Milan Neukirch<\/h4> <p  class=\"italic\">Sohn&nbsp;<\/p> <p  class=\"\">Unser kleiner<\/p> <div  class=\"social-icons-group\" data-type=\"group\"> <a  href=\"#\"><svg  class=\"svg-inline--fa fa-facebook-square gray icon small\" aria-hidden=\"true\" focusable=\"false\" data-prefix=\"fab\" data-icon=\"facebook-square\" role=\"img\" xmlns=\"http:\/\/www.w3.org\/2000\/svg\" viewBox=\"0 0 448 512\" data-fa-i2svg=\"\"><\/svg><!-- <i                  class=\"gray fa icon fa-facebook-square small \"><\/i> Font Awesome fontawesome.com --><\/a> <a  href=\"#\"><svg  class=\"svg-inline--fa fa-twitter-square gray icon small\" aria-hidden=\"true\" focusable=\"false\" data-prefix=\"fab\" data-icon=\"twitter-square\" role=\"img\" xmlns=\"http:\/\/www.w3.org\/2000\/svg\" viewBox=\"0 0 448 512\" data-fa-i2svg=\"\"><\/svg><!-- <i                  class=\"gray fa icon fa-twitter-square small \"><\/i> Font Awesome fontawesome.com --><\/a> <a  href=\"#\"><svg  class=\"svg-inline--fa fa-linkedin gray icon small\" aria-hidden=\"true\" focusable=\"false\" data-prefix=\"fab\" data-icon=\"linkedin\" role=\"img\" xmlns=\"http:\/\/www.w3.org\/2000\/svg\" viewBox=\"0 0 448 512\" data-fa-i2svg=\"\"><\/svg><!-- <i                  class=\"gray fa icon fa-linkedin-square small \"><\/i> Font Awesome fontawesome.com --><\/a> <a  href=\"#\"><svg  class=\"svg-inline--fa fa-google-plus-square gray icon small\" aria-hidden=\"true\" focusable=\"false\" data-prefix=\"fab\" data-icon=\"google-plus-square\" role=\"img\" xmlns=\"http:\/\/www.w3.org\/2000\/svg\" viewBox=\"0 0 448 512\" data-fa-i2svg=\"\"><\/svg><!-- <i                  class=\"gray fa icon fa-google-plus-square small \"><\/i> Font Awesome fontawesome.com --><\/a><\/div> <\/div><\/div> <\/div><div  class=\"col-xs-12 col-sm-6 col-md-3 col-padding\"> <div  class=\"row \"> <div  data-type=\"column\" class=\"col-xs-12 col-sm-12\"> <img  decoding=\"async\" class=\"round face\" src=\"http:\/\/familie-neukirch.com\/wp-content\/uploads\/2021\/11\/cropped-cropped-cropped-cropped-logo-prowin-pro-nature-rgb-1.jpg\" title=\"Druck\" alt=\"\"> <h4  class=\"font-500\">Loki<\/h4> <p  class=\"italic\">Hund<\/p> <p  class=\"\">Australian Shepherd<\/p> <div  class=\"social-icons-group\" data-type=\"group\"> <a  href=\"#\"><svg  class=\"svg-inline--fa fa-facebook-square gray icon small\" aria-hidden=\"true\" focusable=\"false\" data-prefix=\"fab\" data-icon=\"facebook-square\" role=\"img\" xmlns=\"http:\/\/www.w3.org\/2000\/svg\" viewBox=\"0 0 448 512\" data-fa-i2svg=\"\"><\/svg><!-- <i                  class=\"gray fa icon fa-facebook-square small \"><\/i> Font Awesome fontawesome.com --><\/a> <a  href=\"#\"><svg  class=\"svg-inline--fa fa-twitter-square gray icon small\" aria-hidden=\"true\" focusable=\"false\" data-prefix=\"fab\" data-icon=\"twitter-square\" role=\"img\" xmlns=\"http:\/\/www.w3.org\/2000\/svg\" viewBox=\"0 0 448 512\" data-fa-i2svg=\"\"><\/svg><!-- <i                  class=\"gray fa icon fa-twitter-square small \"><\/i> Font Awesome fontawesome.com --><\/a> <a  href=\"#\"><svg  class=\"svg-inline--fa fa-linkedin gray icon small\" aria-hidden=\"true\" focusable=\"false\" data-prefix=\"fab\" data-icon=\"linkedin\" role=\"img\" xmlns=\"http:\/\/www.w3.org\/2000\/svg\" viewBox=\"0 0 448 512\" data-fa-i2svg=\"\"><\/svg><!-- <i                  class=\"gray fa icon fa-linkedin-square small \"><\/i> Font Awesome fontawesome.com --><\/a> <a  href=\"#\"><svg  class=\"svg-inline--fa fa-google-plus-square gray icon small\" aria-hidden=\"true\" focusable=\"false\" data-prefix=\"fab\" data-icon=\"google-plus-square\" role=\"img\" xmlns=\"http:\/\/www.w3.org\/2000\/svg\" viewBox=\"0 0 448 512\" data-fa-i2svg=\"\"><\/svg><!-- <i                  class=\"gray fa icon fa-google-plus-square small \"><\/i> Font Awesome fontawesome.com --><\/a><\/div> <\/div><\/div> <\/div><div  class=\"col-xs-12 col-sm-6 col-md-3 col-padding\"> <div  class=\"row \"> <div  data-type=\"column\" class=\"col-xs-12 col-sm-12\"> <img  decoding=\"async\" class=\"round face\" src=\"http:\/\/familie-neukirch.com\/wp-content\/uploads\/2021\/11\/cropped-cropped-cropped-cropped-cropped-logo-prowin-pro-nature-rgb.jpg\" title=\"cropped-cropped-cropped-cropped-cropped-logo-prowin-pro-nature-rgb.jpg\" alt=\"\"> <h4  class=\"font-500\">Sparky<\/h4> <p  class=\"italic\">Hund<\/p> <p  class=\"\">Australian Shepherd<\/p> <div  class=\"social-icons-group\" data-type=\"group\"> <a  href=\"#\"><svg  class=\"svg-inline--fa fa-facebook-square gray icon small\" aria-hidden=\"true\" focusable=\"false\" data-prefix=\"fab\" data-icon=\"facebook-square\" role=\"img\" xmlns=\"http:\/\/www.w3.org\/2000\/svg\" viewBox=\"0 0 448 512\" data-fa-i2svg=\"\"><\/svg><!-- <i                  class=\"gray fa icon fa-facebook-square small \"><\/i> Font Awesome fontawesome.com --><\/a> <a  href=\"#\"><svg  class=\"svg-inline--fa fa-twitter-square gray icon small\" aria-hidden=\"true\" focusable=\"false\" data-prefix=\"fab\" data-icon=\"twitter-square\" role=\"img\" xmlns=\"http:\/\/www.w3.org\/2000\/svg\" viewBox=\"0 0 448 512\" data-fa-i2svg=\"\"><\/svg><!-- <i                  class=\"gray fa icon fa-twitter-square small \"><\/i> Font Awesome fontawesome.com --><\/a> <a  href=\"#\"><svg  class=\"svg-inline--fa fa-linkedin gray icon small\" aria-hidden=\"true\" focusable=\"false\" data-prefix=\"fab\" data-icon=\"linkedin\" role=\"img\" xmlns=\"http:\/\/www.w3.org\/2000\/svg\" viewBox=\"0 0 448 512\" data-fa-i2svg=\"\"><\/svg><!-- <i                  class=\"gray fa icon fa-linkedin-square small \"><\/i> Font Awesome fontawesome.com --><\/a> <a  href=\"#\"><svg  class=\"svg-inline--fa fa-google-plus-square gray icon small\" aria-hidden=\"true\" focusable=\"false\" data-prefix=\"fab\" data-icon=\"google-plus-square\" role=\"img\" xmlns=\"http:\/\/www.w3.org\/2000\/svg\" viewBox=\"0 0 448 512\" data-fa-i2svg=\"\"><\/svg><!-- <i                  class=\"gray fa icon fa-google-plus-square small \"><\/i> Font Awesome fontawesome.com --><\/a><\/div> <\/div><\/div> <\/div><\/div> <\/div><\/div>","protected":false},"excerpt":{"rendered":"<p>Das sind wir Wir starten in den Tag zusammen &amp; voller Engerie&nbsp;bew\u00e4ltigen wir alle Aufgaben! Denkt nicht an das negative in der Welt sondern seht den t\u00e4glichen Aufgaben positiv entgegen, denn nur wer psotitiv denkt kommt an die Ziele die er sich w\u00fcnscht! GET STARTED NOW Wir&nbsp; Unsere Familie Als Familie halten wir zusammen und&hellip; <br \/> <a class=\"read-more\" href=\"http:\/\/familie-neukirch.com\/\">Weiterlesen<\/a><\/p>\n","protected":false},"author":1,"featured_media":0,"parent":0,"menu_order":0,"comment_status":"closed","ping_status":"closed","template":"page-templates\/homepage.php","meta":{"footnotes":""},"class_list":["post-718","page","type-page","status-publish","hentry"],"_links":{"self":[{"href":"http:\/\/familie-neukirch.com\/index.php?rest_route=\/wp\/v2\/pages\/718"}],"collection":[{"href":"http:\/\/familie-neukirch.com\/index.php?rest_route=\/wp\/v2\/pages"}],"about":[{"href":"http:\/\/familie-neukirch.com\/index.php?rest_route=\/wp\/v2\/types\/page"}],"author":[{"embeddable":true,"href":"http:\/\/familie-neukirch.com\/index.php?rest_route=\/wp\/v2\/users\/1"}],"replies":[{"embeddable":true,"href":"http:\/\/familie-neukirch.com\/index.php?rest_route=%2Fwp%2Fv2%2Fcomments&post=718"}],"version-history":[{"count":7,"href":"http:\/\/familie-neukirch.com\/index.php?rest_route=\/wp\/v2\/pages\/718\/revisions"}],"predecessor-version":[{"id":786,"href":"http:\/\/familie-neukirch.com\/index.php?rest_route=\/wp\/v2\/pages\/718\/revisions\/786"}],"wp:attachment":[{"href":"http:\/\/familie-neukirch.com\/index.php?rest_route=%2Fwp%2Fv2%2Fmedia&parent=718"}],"curies":[{"name":"wp","href":"https:\/\/api.w.org\/{rel}","templated":true}]}}